{"id":2609,"date":"2024-05-04T17:50:53","date_gmt":"2024-05-04T17:50:53","guid":{"rendered":"https:\/\/www.tendam.es\/?page_id=2609"},"modified":"2024-05-13T11:34:20","modified_gmt":"2024-05-13T11:34:20","slug":"portugal","status":"publish","type":"page","link":"https:\/\/www.tendam.es\/en\/be-tendam\/portugal\/","title":{"rendered":"Portugal"},"content":{"rendered":"\n<div class=\"wp-block-group centrado corto\"><div class=\"wp-block-group__inner-container is-layout-constrained wp-block-group-is-layout-constrained\">\n<h2 class=\"wp-block-heading\">Junta-te \u00e0 nossa equipa<\/h2>\n\n\n\n<p>Tendam, empresa comprometida com a igualdade de oportunidades.<\/p>\n<\/div><\/div>\n\n\n\n<div class=\"wp-block-group centrado\"><div class=\"wp-block-group__inner-container is-layout-constrained wp-block-group-is-layout-constrained\">\n<div class=\"wp-block-group bloque_ofertas aScroll aTop\"><div class=\"wp-block-group__inner-container is-layout-constrained wp-block-group-is-layout-constrained\">\n<figure class=\"wp-block-image size-full\"><img fetchpriority=\"high\" decoding=\"async\" width=\"794\" height=\"393\" src=\"https:\/\/www.tendam.es\/wp-content\/uploads\/2024\/05\/trabaja-oficinas-large.jpg\" alt=\"\" class=\"wp-image-2342\" srcset=\"https:\/\/www.tendam.es\/wp-content\/uploads\/2024\/05\/trabaja-oficinas-large.jpg 794w, https:\/\/www.tendam.es\/wp-content\/uploads\/2024\/05\/trabaja-oficinas-large-300x148.jpg 300w, https:\/\/www.tendam.es\/wp-content\/uploads\/2024\/05\/trabaja-oficinas-large-768x380.jpg 768w, https:\/\/www.tendam.es\/wp-content\/uploads\/2024\/05\/trabaja-oficinas-large-645x319.jpg 645w\" sizes=\"(max-width: 794px) 100vw, 794px\" \/><\/figure>\n\n\n\n<div class=\"wp-block-group\"><div class=\"wp-block-group__inner-container is-layout-constrained wp-block-group-is-layout-constrained\">\n<div class=\"wp-block-buttons boton is-layout-flex wp-block-buttons-is-layout-flex\">\n<div class=\"wp-block-button\"><a class=\"wp-block-button__link wp-element-button\" href=\"https:\/\/pt.careers.betendam.es\/jobs\/\" target=\"_blank\" rel=\"noreferrer noopener\">Posi\u00e7\u00f5es nos escrit\u00f3rios<\/a><\/div>\n<\/div>\n<\/div><\/div>\n<\/div><\/div>\n<\/div><\/div>\n\n\n\n<div class=\"wp-block-group centrado aScroll aTop\"><div class=\"wp-block-group__inner-container is-layout-constrained wp-block-group-is-layout-constrained\">\n<p>Queremos continuar a crescer para que as nossas marcas sejam conhecidas globalmente e acreditamos que a melhor forma de o fazer \u00e9 apoiar e desenvolver o talento daqueles que comp\u00f5em a nossa equipa. Se queres fazer parte de uma grande empresa que investe nas pessoas e \u00e9s apaixonado por moda\u2026 Tu \u00e9s Tendam!<\/p>\n<\/div><\/div>\n","protected":false},"excerpt":{"rendered":"Junta-te \u00e0 nossa equipa Tendam, empresa comprometida com a igualdade de oportunidades. Queremos continuar a crescer para que as nossas marcas sejam conhecidas globalmente e acreditamos que a melhor forma de o fazer \u00e9 apoiar&#8230; <a class=\"view-article\" href=\"https:\/\/www.tendam.es\/en\/be-tendam\/portugal\/\">View Article<\/a>","protected":false},"author":1,"featured_media":0,"parent":2596,"menu_order":0,"comment_status":"closed","ping_status":"closed","template":"template-empleo.php","meta":{"_acf_changed":false,"footnotes":""},"class_list":["post-2609","page","type-page","status-publish","hentry"],"acf":[],"yoast_head":"<!-- This site is optimized with the Yoast SEO plugin v27.2 - https:\/\/yoast.com\/product\/yoast-seo-wordpress\/ -->\n<title>Be!Tendam | Tendam Portugal | Tendam<\/title>\n<meta name=\"robots\" content=\"index, follow, max-snippet:-1, max-image-preview:large, max-video-preview:-1\" \/>\n<link rel=\"canonical\" href=\"https:\/\/www.tendam.es\/en\/be-tendam\/portugal\/\" \/>\n<meta property=\"og:locale\" content=\"en_US\" \/>\n<meta property=\"og:type\" content=\"article\" \/>\n<meta property=\"og:title\" content=\"Be!Tendam | Tendam Portugal | Tendam\" \/>\n<meta property=\"og:description\" content=\"Junta-te \u00e0 nossa equipa Tendam, empresa comprometida com a igualdade de oportunidades. Queremos continuar a crescer para que as nossas marcas sejam conhecidas globalmente e acreditamos que a melhor forma de o fazer \u00e9 apoiar... View Article\" \/>\n<meta property=\"og:url\" content=\"https:\/\/www.tendam.es\/en\/be-tendam\/portugal\/\" \/>\n<meta property=\"og:site_name\" content=\"Tendam\" \/>\n<meta property=\"article:modified_time\" content=\"2024-05-13T11:34:20+00:00\" \/>\n<meta property=\"og:image\" content=\"https:\/\/www.tendam.es\/wp-content\/uploads\/2024\/05\/trabaja-oficinas-large.jpg\" \/>\n<meta name=\"twitter:card\" content=\"summary_large_image\" \/>\n<meta name=\"twitter:site\" content=\"@TendamRetail\" \/>\n<script type=\"application\/ld+json\" class=\"yoast-schema-graph\">{\"@context\":\"https:\/\/schema.org\",\"@graph\":[{\"@type\":\"WebPage\",\"@id\":\"https:\/\/www.tendam.es\/en\/be-tendam\/portugal\/\",\"url\":\"https:\/\/www.tendam.es\/en\/be-tendam\/portugal\/\",\"name\":\"Be!Tendam | Tendam Portugal | Tendam\",\"isPartOf\":{\"@id\":\"https:\/\/www.tendam.es\/en\/#website\"},\"primaryImageOfPage\":{\"@id\":\"https:\/\/www.tendam.es\/en\/be-tendam\/portugal\/#primaryimage\"},\"image\":{\"@id\":\"https:\/\/www.tendam.es\/en\/be-tendam\/portugal\/#primaryimage\"},\"thumbnailUrl\":\"https:\/\/www.tendam.es\/wp-content\/uploads\/2024\/05\/trabaja-oficinas-large.jpg\",\"datePublished\":\"2024-05-04T17:50:53+00:00\",\"dateModified\":\"2024-05-13T11:34:20+00:00\",\"breadcrumb\":{\"@id\":\"https:\/\/www.tendam.es\/en\/be-tendam\/portugal\/#breadcrumb\"},\"inLanguage\":\"en-US\",\"potentialAction\":[{\"@type\":\"ReadAction\",\"target\":[\"https:\/\/www.tendam.es\/en\/be-tendam\/portugal\/\"]}]},{\"@type\":\"ImageObject\",\"inLanguage\":\"en-US\",\"@id\":\"https:\/\/www.tendam.es\/en\/be-tendam\/portugal\/#primaryimage\",\"url\":\"https:\/\/www.tendam.es\/wp-content\/uploads\/2024\/05\/trabaja-oficinas-large.jpg\",\"contentUrl\":\"https:\/\/www.tendam.es\/wp-content\/uploads\/2024\/05\/trabaja-oficinas-large.jpg\"},{\"@type\":\"BreadcrumbList\",\"@id\":\"https:\/\/www.tendam.es\/en\/be-tendam\/portugal\/#breadcrumb\",\"itemListElement\":[{\"@type\":\"ListItem\",\"position\":1,\"name\":\"Home\",\"item\":\"https:\/\/www.tendam.es\/en\/\"},{\"@type\":\"ListItem\",\"position\":2,\"name\":\"Work with us\",\"item\":\"https:\/\/www.tendam.es\/en\/be-tendam\/\"},{\"@type\":\"ListItem\",\"position\":3,\"name\":\"Portugal\"}]},{\"@type\":\"WebSite\",\"@id\":\"https:\/\/www.tendam.es\/en\/#website\",\"url\":\"https:\/\/www.tendam.es\/en\/\",\"name\":\"Tendam\",\"description\":\"Global fashion retail\",\"publisher\":{\"@id\":\"https:\/\/www.tendam.es\/en\/#organization\"},\"potentialAction\":[{\"@type\":\"SearchAction\",\"target\":{\"@type\":\"EntryPoint\",\"urlTemplate\":\"https:\/\/www.tendam.es\/en\/?s={search_term_string}\"},\"query-input\":{\"@type\":\"PropertyValueSpecification\",\"valueRequired\":true,\"valueName\":\"search_term_string\"}}],\"inLanguage\":\"en-US\"},{\"@type\":\"Organization\",\"@id\":\"https:\/\/www.tendam.es\/en\/#organization\",\"name\":\"Tendam\",\"url\":\"https:\/\/www.tendam.es\/en\/\",\"logo\":{\"@type\":\"ImageObject\",\"inLanguage\":\"en-US\",\"@id\":\"https:\/\/www.tendam.es\/en\/#\/schema\/logo\/image\/\",\"url\":\"https:\/\/www.tendam.es\/wp-content\/uploads\/2023\/11\/2018.jpg\",\"contentUrl\":\"https:\/\/www.tendam.es\/wp-content\/uploads\/2023\/11\/2018.jpg\",\"width\":1040,\"height\":816,\"caption\":\"Tendam\"},\"image\":{\"@id\":\"https:\/\/www.tendam.es\/en\/#\/schema\/logo\/image\/\"},\"sameAs\":[\"https:\/\/x.com\/TendamRetail\",\"https:\/\/www.linkedin.com\/company\/tendam\"]}]}<\/script>\n<!-- \/ Yoast SEO plugin. -->","yoast_head_json":{"title":"Be!Tendam | Tendam Portugal | Tendam","robots":{"index":"index","follow":"follow","max-snippet":"max-snippet:-1","max-image-preview":"max-image-preview:large","max-video-preview":"max-video-preview:-1"},"canonical":"https:\/\/www.tendam.es\/en\/be-tendam\/portugal\/","og_locale":"en_US","og_type":"article","og_title":"Be!Tendam | Tendam Portugal | Tendam","og_description":"Junta-te \u00e0 nossa equipa Tendam, empresa comprometida com a igualdade de oportunidades. Queremos continuar a crescer para que as nossas marcas sejam conhecidas globalmente e acreditamos que a melhor forma de o fazer \u00e9 apoiar... View Article","og_url":"https:\/\/www.tendam.es\/en\/be-tendam\/portugal\/","og_site_name":"Tendam","article_modified_time":"2024-05-13T11:34:20+00:00","og_image":[{"url":"https:\/\/www.tendam.es\/wp-content\/uploads\/2024\/05\/trabaja-oficinas-large.jpg","type":"","width":"","height":""}],"twitter_card":"summary_large_image","twitter_site":"@TendamRetail","schema":{"@context":"https:\/\/schema.org","@graph":[{"@type":"WebPage","@id":"https:\/\/www.tendam.es\/en\/be-tendam\/portugal\/","url":"https:\/\/www.tendam.es\/en\/be-tendam\/portugal\/","name":"Be!Tendam | Tendam Portugal | Tendam","isPartOf":{"@id":"https:\/\/www.tendam.es\/en\/#website"},"primaryImageOfPage":{"@id":"https:\/\/www.tendam.es\/en\/be-tendam\/portugal\/#primaryimage"},"image":{"@id":"https:\/\/www.tendam.es\/en\/be-tendam\/portugal\/#primaryimage"},"thumbnailUrl":"https:\/\/www.tendam.es\/wp-content\/uploads\/2024\/05\/trabaja-oficinas-large.jpg","datePublished":"2024-05-04T17:50:53+00:00","dateModified":"2024-05-13T11:34:20+00:00","breadcrumb":{"@id":"https:\/\/www.tendam.es\/en\/be-tendam\/portugal\/#breadcrumb"},"inLanguage":"en-US","potentialAction":[{"@type":"ReadAction","target":["https:\/\/www.tendam.es\/en\/be-tendam\/portugal\/"]}]},{"@type":"ImageObject","inLanguage":"en-US","@id":"https:\/\/www.tendam.es\/en\/be-tendam\/portugal\/#primaryimage","url":"https:\/\/www.tendam.es\/wp-content\/uploads\/2024\/05\/trabaja-oficinas-large.jpg","contentUrl":"https:\/\/www.tendam.es\/wp-content\/uploads\/2024\/05\/trabaja-oficinas-large.jpg"},{"@type":"BreadcrumbList","@id":"https:\/\/www.tendam.es\/en\/be-tendam\/portugal\/#breadcrumb","itemListElement":[{"@type":"ListItem","position":1,"name":"Home","item":"https:\/\/www.tendam.es\/en\/"},{"@type":"ListItem","position":2,"name":"Work with us","item":"https:\/\/www.tendam.es\/en\/be-tendam\/"},{"@type":"ListItem","position":3,"name":"Portugal"}]},{"@type":"WebSite","@id":"https:\/\/www.tendam.es\/en\/#website","url":"https:\/\/www.tendam.es\/en\/","name":"Tendam","description":"Global fashion retail","publisher":{"@id":"https:\/\/www.tendam.es\/en\/#organization"},"potentialAction":[{"@type":"SearchAction","target":{"@type":"EntryPoint","urlTemplate":"https:\/\/www.tendam.es\/en\/?s={search_term_string}"},"query-input":{"@type":"PropertyValueSpecification","valueRequired":true,"valueName":"search_term_string"}}],"inLanguage":"en-US"},{"@type":"Organization","@id":"https:\/\/www.tendam.es\/en\/#organization","name":"Tendam","url":"https:\/\/www.tendam.es\/en\/","logo":{"@type":"ImageObject","inLanguage":"en-US","@id":"https:\/\/www.tendam.es\/en\/#\/schema\/logo\/image\/","url":"https:\/\/www.tendam.es\/wp-content\/uploads\/2023\/11\/2018.jpg","contentUrl":"https:\/\/www.tendam.es\/wp-content\/uploads\/2023\/11\/2018.jpg","width":1040,"height":816,"caption":"Tendam"},"image":{"@id":"https:\/\/www.tendam.es\/en\/#\/schema\/logo\/image\/"},"sameAs":["https:\/\/x.com\/TendamRetail","https:\/\/www.linkedin.com\/company\/tendam"]}]}},"_links":{"self":[{"href":"https:\/\/www.tendam.es\/en\/wp-json\/wp\/v2\/pages\/2609","targetHints":{"allow":["GET"]}}],"collection":[{"href":"https:\/\/www.tendam.es\/en\/wp-json\/wp\/v2\/pages"}],"about":[{"href":"https:\/\/www.tendam.es\/en\/wp-json\/wp\/v2\/types\/page"}],"author":[{"embeddable":true,"href":"https:\/\/www.tendam.es\/en\/wp-json\/wp\/v2\/users\/1"}],"replies":[{"embeddable":true,"href":"https:\/\/www.tendam.es\/en\/wp-json\/wp\/v2\/comments?post=2609"}],"version-history":[{"count":0,"href":"https:\/\/www.tendam.es\/en\/wp-json\/wp\/v2\/pages\/2609\/revisions"}],"up":[{"embeddable":true,"href":"https:\/\/www.tendam.es\/en\/wp-json\/wp\/v2\/pages\/2596"}],"wp:attachment":[{"href":"https:\/\/www.tendam.es\/en\/wp-json\/wp\/v2\/media?parent=2609"}],"curies":[{"name":"wp","href":"https:\/\/api.w.org\/{rel}","templated":true}]}}