{"id":2601,"date":"2024-05-04T17:47:34","date_gmt":"2024-05-04T17:47:34","guid":{"rendered":"https:\/\/www.tendam.es\/?page_id=2601"},"modified":"2024-05-13T11:22:14","modified_gmt":"2024-05-13T11:22:14","slug":"belgica-frances","status":"publish","type":"page","link":"https:\/\/www.tendam.es\/en\/be-tendam\/belgica-frances\/","title":{"rendered":"B\u00e9lgica (Franc\u00e9s)"},"content":{"rendered":"\n<div class=\"wp-block-group centrado corto\"><div class=\"wp-block-group__inner-container is-layout-constrained wp-block-group-is-layout-constrained\">\n<h2 class=\"wp-block-heading\">Rejoignez notre \u00e9quipe<\/h2>\n\n\n\n<p>Tendam, une entreprise engag\u00e9e pour l\u2019\u00e9galit\u00e9 des chances.<\/p>\n<\/div><\/div>\n\n\n\n<div class=\"wp-block-group centrado\"><div class=\"wp-block-group__inner-container is-layout-constrained wp-block-group-is-layout-constrained\">\n<div class=\"wp-block-group bloque_ofertas aScroll aTop\"><div class=\"wp-block-group__inner-container is-layout-constrained wp-block-group-is-layout-constrained\">\n<figure class=\"wp-block-image size-full\"><img fetchpriority=\"high\" decoding=\"async\" width=\"794\" height=\"393\" src=\"https:\/\/www.tendam.es\/wp-content\/uploads\/2024\/05\/trabaja-oficinas-large.jpg\" alt=\"\" class=\"wp-image-2342\" srcset=\"https:\/\/www.tendam.es\/wp-content\/uploads\/2024\/05\/trabaja-oficinas-large.jpg 794w, https:\/\/www.tendam.es\/wp-content\/uploads\/2024\/05\/trabaja-oficinas-large-300x148.jpg 300w, https:\/\/www.tendam.es\/wp-content\/uploads\/2024\/05\/trabaja-oficinas-large-768x380.jpg 768w, https:\/\/www.tendam.es\/wp-content\/uploads\/2024\/05\/trabaja-oficinas-large-645x319.jpg 645w\" sizes=\"(max-width: 794px) 100vw, 794px\" \/><\/figure>\n\n\n\n<div class=\"wp-block-group\"><div class=\"wp-block-group__inner-container is-layout-constrained wp-block-group-is-layout-constrained\">\n<div class=\"wp-block-buttons boton is-layout-flex wp-block-buttons-is-layout-flex\">\n<div class=\"wp-block-button\"><a class=\"wp-block-button__link wp-element-button\" href=\"https:\/\/be.fr.careers.betendam.es\/jobs\" target=\"_blank\" rel=\"noreferrer noopener\">Postes administratifs<\/a><\/div>\n<\/div>\n<\/div><\/div>\n<\/div><\/div>\n<\/div><\/div>\n\n\n\n<div class=\"wp-block-group centrado aScroll aTop\"><div class=\"wp-block-group__inner-container is-layout-constrained wp-block-group-is-layout-constrained\">\n<p>Nous voulons continuer \u00e0 grandir afin que nos marques soient connues partout, et nous sommes convaincus que le meilleur moyen est d\u2019apporter le support et d\u00e9velopper le talent de nos \u00e9quipes. Si vous voulez faire partie d\u2019une entreprise qui est d\u00e9vou\u00e9e pour ces collaborateurs\/trices et passionn\u00e9e par la mode\u2026 Vous \u00eates Tendam!<\/p>\n<\/div><\/div>\n","protected":false},"excerpt":{"rendered":"Rejoignez notre \u00e9quipe Tendam, une entreprise engag\u00e9e pour l\u2019\u00e9galit\u00e9 des chances. Nous voulons continuer \u00e0 grandir afin que nos marques soient connues partout, et nous sommes convaincus que le meilleur moyen est d\u2019apporter le support&#8230; <a class=\"view-article\" href=\"https:\/\/www.tendam.es\/en\/be-tendam\/belgica-frances\/\">View Article<\/a>","protected":false},"author":1,"featured_media":0,"parent":2596,"menu_order":0,"comment_status":"closed","ping_status":"closed","template":"template-empleo.php","meta":{"_acf_changed":false,"footnotes":""},"class_list":["post-2601","page","type-page","status-publish","hentry"],"acf":[],"yoast_head":"<!-- This site is optimized with the Yoast SEO plugin v27.2 - https:\/\/yoast.com\/product\/yoast-seo-wordpress\/ -->\n<title>Be!Tendam | Tendam Belgique | Tendam<\/title>\n<meta name=\"robots\" content=\"index, follow, max-snippet:-1, max-image-preview:large, max-video-preview:-1\" \/>\n<link rel=\"canonical\" href=\"https:\/\/www.tendam.es\/en\/be-tendam\/belgica-frances\/\" \/>\n<meta property=\"og:locale\" content=\"en_US\" \/>\n<meta property=\"og:type\" content=\"article\" \/>\n<meta property=\"og:title\" content=\"Be!Tendam | Tendam Belgique | Tendam\" \/>\n<meta property=\"og:description\" content=\"Rejoignez notre \u00e9quipe Tendam, une entreprise engag\u00e9e pour l\u2019\u00e9galit\u00e9 des chances. Nous voulons continuer \u00e0 grandir afin que nos marques soient connues partout, et nous sommes convaincus que le meilleur moyen est d\u2019apporter le support... View Article\" \/>\n<meta property=\"og:url\" content=\"https:\/\/www.tendam.es\/en\/be-tendam\/belgica-frances\/\" \/>\n<meta property=\"og:site_name\" content=\"Tendam\" \/>\n<meta property=\"article:modified_time\" content=\"2024-05-13T11:22:14+00:00\" \/>\n<meta property=\"og:image\" content=\"https:\/\/www.tendam.es\/wp-content\/uploads\/2024\/05\/trabaja-oficinas-large.jpg\" \/>\n<meta name=\"twitter:card\" content=\"summary_large_image\" \/>\n<meta name=\"twitter:site\" content=\"@TendamRetail\" \/>\n<script type=\"application\/ld+json\" class=\"yoast-schema-graph\">{\"@context\":\"https:\/\/schema.org\",\"@graph\":[{\"@type\":\"WebPage\",\"@id\":\"https:\/\/www.tendam.es\/en\/be-tendam\/belgica-frances\/\",\"url\":\"https:\/\/www.tendam.es\/en\/be-tendam\/belgica-frances\/\",\"name\":\"Be!Tendam | Tendam Belgique | Tendam\",\"isPartOf\":{\"@id\":\"https:\/\/www.tendam.es\/en\/#website\"},\"primaryImageOfPage\":{\"@id\":\"https:\/\/www.tendam.es\/en\/be-tendam\/belgica-frances\/#primaryimage\"},\"image\":{\"@id\":\"https:\/\/www.tendam.es\/en\/be-tendam\/belgica-frances\/#primaryimage\"},\"thumbnailUrl\":\"https:\/\/www.tendam.es\/wp-content\/uploads\/2024\/05\/trabaja-oficinas-large.jpg\",\"datePublished\":\"2024-05-04T17:47:34+00:00\",\"dateModified\":\"2024-05-13T11:22:14+00:00\",\"breadcrumb\":{\"@id\":\"https:\/\/www.tendam.es\/en\/be-tendam\/belgica-frances\/#breadcrumb\"},\"inLanguage\":\"en-US\",\"potentialAction\":[{\"@type\":\"ReadAction\",\"target\":[\"https:\/\/www.tendam.es\/en\/be-tendam\/belgica-frances\/\"]}]},{\"@type\":\"ImageObject\",\"inLanguage\":\"en-US\",\"@id\":\"https:\/\/www.tendam.es\/en\/be-tendam\/belgica-frances\/#primaryimage\",\"url\":\"https:\/\/www.tendam.es\/wp-content\/uploads\/2024\/05\/trabaja-oficinas-large.jpg\",\"contentUrl\":\"https:\/\/www.tendam.es\/wp-content\/uploads\/2024\/05\/trabaja-oficinas-large.jpg\"},{\"@type\":\"BreadcrumbList\",\"@id\":\"https:\/\/www.tendam.es\/en\/be-tendam\/belgica-frances\/#breadcrumb\",\"itemListElement\":[{\"@type\":\"ListItem\",\"position\":1,\"name\":\"Home\",\"item\":\"https:\/\/www.tendam.es\/en\/\"},{\"@type\":\"ListItem\",\"position\":2,\"name\":\"Work with us\",\"item\":\"https:\/\/www.tendam.es\/en\/be-tendam\/\"},{\"@type\":\"ListItem\",\"position\":3,\"name\":\"B\u00e9lgica (Franc\u00e9s)\"}]},{\"@type\":\"WebSite\",\"@id\":\"https:\/\/www.tendam.es\/en\/#website\",\"url\":\"https:\/\/www.tendam.es\/en\/\",\"name\":\"Tendam\",\"description\":\"Global fashion retail\",\"publisher\":{\"@id\":\"https:\/\/www.tendam.es\/en\/#organization\"},\"potentialAction\":[{\"@type\":\"SearchAction\",\"target\":{\"@type\":\"EntryPoint\",\"urlTemplate\":\"https:\/\/www.tendam.es\/en\/?s={search_term_string}\"},\"query-input\":{\"@type\":\"PropertyValueSpecification\",\"valueRequired\":true,\"valueName\":\"search_term_string\"}}],\"inLanguage\":\"en-US\"},{\"@type\":\"Organization\",\"@id\":\"https:\/\/www.tendam.es\/en\/#organization\",\"name\":\"Tendam\",\"url\":\"https:\/\/www.tendam.es\/en\/\",\"logo\":{\"@type\":\"ImageObject\",\"inLanguage\":\"en-US\",\"@id\":\"https:\/\/www.tendam.es\/en\/#\/schema\/logo\/image\/\",\"url\":\"https:\/\/www.tendam.es\/wp-content\/uploads\/2023\/11\/2018.jpg\",\"contentUrl\":\"https:\/\/www.tendam.es\/wp-content\/uploads\/2023\/11\/2018.jpg\",\"width\":1040,\"height\":816,\"caption\":\"Tendam\"},\"image\":{\"@id\":\"https:\/\/www.tendam.es\/en\/#\/schema\/logo\/image\/\"},\"sameAs\":[\"https:\/\/x.com\/TendamRetail\",\"https:\/\/www.linkedin.com\/company\/tendam\"]}]}<\/script>\n<!-- \/ Yoast SEO plugin. -->","yoast_head_json":{"title":"Be!Tendam | Tendam Belgique | Tendam","robots":{"index":"index","follow":"follow","max-snippet":"max-snippet:-1","max-image-preview":"max-image-preview:large","max-video-preview":"max-video-preview:-1"},"canonical":"https:\/\/www.tendam.es\/en\/be-tendam\/belgica-frances\/","og_locale":"en_US","og_type":"article","og_title":"Be!Tendam | Tendam Belgique | Tendam","og_description":"Rejoignez notre \u00e9quipe Tendam, une entreprise engag\u00e9e pour l\u2019\u00e9galit\u00e9 des chances. Nous voulons continuer \u00e0 grandir afin que nos marques soient connues partout, et nous sommes convaincus que le meilleur moyen est d\u2019apporter le support... View Article","og_url":"https:\/\/www.tendam.es\/en\/be-tendam\/belgica-frances\/","og_site_name":"Tendam","article_modified_time":"2024-05-13T11:22:14+00:00","og_image":[{"url":"https:\/\/www.tendam.es\/wp-content\/uploads\/2024\/05\/trabaja-oficinas-large.jpg","type":"","width":"","height":""}],"twitter_card":"summary_large_image","twitter_site":"@TendamRetail","schema":{"@context":"https:\/\/schema.org","@graph":[{"@type":"WebPage","@id":"https:\/\/www.tendam.es\/en\/be-tendam\/belgica-frances\/","url":"https:\/\/www.tendam.es\/en\/be-tendam\/belgica-frances\/","name":"Be!Tendam | Tendam Belgique | Tendam","isPartOf":{"@id":"https:\/\/www.tendam.es\/en\/#website"},"primaryImageOfPage":{"@id":"https:\/\/www.tendam.es\/en\/be-tendam\/belgica-frances\/#primaryimage"},"image":{"@id":"https:\/\/www.tendam.es\/en\/be-tendam\/belgica-frances\/#primaryimage"},"thumbnailUrl":"https:\/\/www.tendam.es\/wp-content\/uploads\/2024\/05\/trabaja-oficinas-large.jpg","datePublished":"2024-05-04T17:47:34+00:00","dateModified":"2024-05-13T11:22:14+00:00","breadcrumb":{"@id":"https:\/\/www.tendam.es\/en\/be-tendam\/belgica-frances\/#breadcrumb"},"inLanguage":"en-US","potentialAction":[{"@type":"ReadAction","target":["https:\/\/www.tendam.es\/en\/be-tendam\/belgica-frances\/"]}]},{"@type":"ImageObject","inLanguage":"en-US","@id":"https:\/\/www.tendam.es\/en\/be-tendam\/belgica-frances\/#primaryimage","url":"https:\/\/www.tendam.es\/wp-content\/uploads\/2024\/05\/trabaja-oficinas-large.jpg","contentUrl":"https:\/\/www.tendam.es\/wp-content\/uploads\/2024\/05\/trabaja-oficinas-large.jpg"},{"@type":"BreadcrumbList","@id":"https:\/\/www.tendam.es\/en\/be-tendam\/belgica-frances\/#breadcrumb","itemListElement":[{"@type":"ListItem","position":1,"name":"Home","item":"https:\/\/www.tendam.es\/en\/"},{"@type":"ListItem","position":2,"name":"Work with us","item":"https:\/\/www.tendam.es\/en\/be-tendam\/"},{"@type":"ListItem","position":3,"name":"B\u00e9lgica (Franc\u00e9s)"}]},{"@type":"WebSite","@id":"https:\/\/www.tendam.es\/en\/#website","url":"https:\/\/www.tendam.es\/en\/","name":"Tendam","description":"Global fashion retail","publisher":{"@id":"https:\/\/www.tendam.es\/en\/#organization"},"potentialAction":[{"@type":"SearchAction","target":{"@type":"EntryPoint","urlTemplate":"https:\/\/www.tendam.es\/en\/?s={search_term_string}"},"query-input":{"@type":"PropertyValueSpecification","valueRequired":true,"valueName":"search_term_string"}}],"inLanguage":"en-US"},{"@type":"Organization","@id":"https:\/\/www.tendam.es\/en\/#organization","name":"Tendam","url":"https:\/\/www.tendam.es\/en\/","logo":{"@type":"ImageObject","inLanguage":"en-US","@id":"https:\/\/www.tendam.es\/en\/#\/schema\/logo\/image\/","url":"https:\/\/www.tendam.es\/wp-content\/uploads\/2023\/11\/2018.jpg","contentUrl":"https:\/\/www.tendam.es\/wp-content\/uploads\/2023\/11\/2018.jpg","width":1040,"height":816,"caption":"Tendam"},"image":{"@id":"https:\/\/www.tendam.es\/en\/#\/schema\/logo\/image\/"},"sameAs":["https:\/\/x.com\/TendamRetail","https:\/\/www.linkedin.com\/company\/tendam"]}]}},"_links":{"self":[{"href":"https:\/\/www.tendam.es\/en\/wp-json\/wp\/v2\/pages\/2601","targetHints":{"allow":["GET"]}}],"collection":[{"href":"https:\/\/www.tendam.es\/en\/wp-json\/wp\/v2\/pages"}],"about":[{"href":"https:\/\/www.tendam.es\/en\/wp-json\/wp\/v2\/types\/page"}],"author":[{"embeddable":true,"href":"https:\/\/www.tendam.es\/en\/wp-json\/wp\/v2\/users\/1"}],"replies":[{"embeddable":true,"href":"https:\/\/www.tendam.es\/en\/wp-json\/wp\/v2\/comments?post=2601"}],"version-history":[{"count":0,"href":"https:\/\/www.tendam.es\/en\/wp-json\/wp\/v2\/pages\/2601\/revisions"}],"up":[{"embeddable":true,"href":"https:\/\/www.tendam.es\/en\/wp-json\/wp\/v2\/pages\/2596"}],"wp:attachment":[{"href":"https:\/\/www.tendam.es\/en\/wp-json\/wp\/v2\/media?parent=2601"}],"curies":[{"name":"wp","href":"https:\/\/api.w.org\/{rel}","templated":true}]}}